{"id":7,"date":"2016-03-18T13:03:47","date_gmt":"2016-03-18T12:03:47","guid":{"rendered":"\/?page_id=7"},"modified":"2025-07-09T18:32:55","modified_gmt":"2025-07-09T16:32:55","slug":"startseite","status":"publish","type":"page","link":"https:\/\/www.schuetzenverein-marienheide.de\/","title":{"rendered":"Startseite"},"content":{"rendered":"\n<h2 class=\"wp-block-heading\">Was gibt\u2018s Neues bei uns? Schaut bei \u201eAktuelles\u201c vorbei!  <\/h2>\n\n\n\n<h2 class=\"wp-block-heading\">Unsere amtierenden Heier Majest\u00e4ten :<\/h2>\n\n\n\n<figure class=\"wp-block-image size-large\"><img loading=\"lazy\" decoding=\"async\" width=\"1024\" height=\"877\" src=\"https:\/\/www.schuetzenverein-marienheide.de\/wp-content\/uploads\/2025\/07\/17fd6c40-5052-47f7-88a9-87164192d722-1-1024x877.jpeg\" alt=\"\" class=\"wp-image-8130\" srcset=\"https:\/\/www.schuetzenverein-marienheide.de\/wp-content\/uploads\/2025\/07\/17fd6c40-5052-47f7-88a9-87164192d722-1-1024x877.jpeg 1024w, https:\/\/www.schuetzenverein-marienheide.de\/wp-content\/uploads\/2025\/07\/17fd6c40-5052-47f7-88a9-87164192d722-1-300x257.jpeg 300w, https:\/\/www.schuetzenverein-marienheide.de\/wp-content\/uploads\/2025\/07\/17fd6c40-5052-47f7-88a9-87164192d722-1-768x658.jpeg 768w, https:\/\/www.schuetzenverein-marienheide.de\/wp-content\/uploads\/2025\/07\/17fd6c40-5052-47f7-88a9-87164192d722-1.jpeg 1030w\" sizes=\"auto, (max-width: 1024px) 100vw, 1024px\" \/><figcaption class=\"wp-element-caption\">K\u00f6nig Michael Neumann mit K\u00f6nigin Svenja Bosch, Prinz Tom Jansen mit Prinzessin Jasmin Brock, Kinderk\u00f6nigin Amilia Aylin \u00d6zkan, Prinzgemahl Arian Scheppe sowie Adjutant Timo St\u00f6tzel <\/figcaption><\/figure>\n\n\n\n<p><\/p>\n","protected":false},"excerpt":{"rendered":"<p>Was gibt\u2018s Neues bei uns? Schaut bei \u201eAktuelles\u201c vorbei! Unsere amtierenden Heier Majest\u00e4ten :<\/p>\n","protected":false},"author":1,"featured_media":0,"parent":0,"menu_order":0,"comment_status":"closed","ping_status":"closed","template":"","meta":{"footnotes":""},"class_list":["post-7","page","type-page","status-publish","hentry"],"_links":{"self":[{"href":"https:\/\/www.schuetzenverein-marienheide.de\/index.php\/wp-json\/wp\/v2\/pages\/7","targetHints":{"allow":["GET"]}}],"collection":[{"href":"https:\/\/www.schuetzenverein-marienheide.de\/index.php\/wp-json\/wp\/v2\/pages"}],"about":[{"href":"https:\/\/www.schuetzenverein-marienheide.de\/index.php\/wp-json\/wp\/v2\/types\/page"}],"author":[{"embeddable":true,"href":"https:\/\/www.schuetzenverein-marienheide.de\/index.php\/wp-json\/wp\/v2\/users\/1"}],"replies":[{"embeddable":true,"href":"https:\/\/www.schuetzenverein-marienheide.de\/index.php\/wp-json\/wp\/v2\/comments?post=7"}],"version-history":[{"count":108,"href":"https:\/\/www.schuetzenverein-marienheide.de\/index.php\/wp-json\/wp\/v2\/pages\/7\/revisions"}],"predecessor-version":[{"id":8132,"href":"https:\/\/www.schuetzenverein-marienheide.de\/index.php\/wp-json\/wp\/v2\/pages\/7\/revisions\/8132"}],"wp:attachment":[{"href":"https:\/\/www.schuetzenverein-marienheide.de\/index.php\/wp-json\/wp\/v2\/media?parent=7"}],"curies":[{"name":"wp","href":"https:\/\/api.w.org\/{rel}","templated":true}]}}