{"id":59,"date":"2016-03-18T13:28:25","date_gmt":"2016-03-18T12:28:25","guid":{"rendered":"\/?page_id=59"},"modified":"2021-01-31T16:29:58","modified_gmt":"2021-01-31T15:29:58","slug":"links","status":"publish","type":"page","link":"https:\/\/www.schuetzenverein-marienheide.de\/index.php\/links\/","title":{"rendered":"Links"},"content":{"rendered":"<table style=\"width: 100%;\" border=\"0\" cellspacing=\"6\">\n<tbody>\n<tr valign=\"top\">\n<td><a href=\"http:\/\/www.marienheide.de\">Gemeinde Marienheide<\/a>\n<p>\u00a0<\/p>\n<p><strong>Andere Sch\u00fctzenvereine:<\/strong><\/p>\n<p><a href=\"http:\/\/www.osb1924.de\">Oberberg. Sch\u00fctzenbund<\/a><\/p>\n<p><a href=\"http:\/\/www.st-sebastianus-gimborn.de\">St. Sebastianus Sch\u00fctzenbruderschaft Gimborn<\/a><\/p>\n<p><a href=\"http:\/\/www.schuetzenverein-muellenbach.de\/\">Sch\u00fctzen M\u00fcllenbach<\/a><\/p>\n<p><a href=\"http:\/\/www.schuetzenverein-wegeringhausen.de\/\">St. Hubertus Wegeringhausen<\/a><\/p>\n<p><strong>Befreundete Vereine:<\/strong><\/p>\n<p><a href=\"http:\/\/www.musikzugmarienheide.de\/\">Musikzug der Feuerwehr Marienheide<\/a><\/p>\n<p><a href=\"http:\/\/mvf1856.de\">http:\/\/mvf1856.de<\/a><\/p>\n<p><a href=\"http:\/\/fz-meinerzhagen.com\">http:\/\/fz-meinerzhagen.com<\/a><\/p>\n<p><a href=\"http:\/\/tambourcorpswipperfuerth.de\">http:\/\/tambourcorpswipperfuerth.de<\/a><\/p>\n<p><a href=\"https:\/\/www.buergerwehr-waldkirch.de\/\">https:\/\/www.buergerwehr-waldkirch.de\/<\/a><\/p>\n<\/td>\n<td>\u00a0<\/td>\n<\/tr>\n<tr>\n<td>\u00a0<\/td>\n<td>\u00a0<\/td>\n<\/tr>\n<\/tbody>\n<\/table>\n\n\n<p><\/p>\n","protected":false},"excerpt":{"rendered":"<p>Gemeinde Marienheide \u00a0 Andere Sch\u00fctzenvereine: Oberberg. Sch\u00fctzenbund St. Sebastianus Sch\u00fctzenbruderschaft Gimborn Sch\u00fctzen M\u00fcllenbach St. Hubertus Wegeringhausen Befreundete Vereine: Musikzug der Feuerwehr Marienheide http:\/\/mvf1856.de http:\/\/fz-meinerzhagen.com http:\/\/tambourcorpswipperfuerth.de https:\/\/www.buergerwehr-waldkirch.de\/ \u00a0 \u00a0 \u00a0<\/p>\n","protected":false},"author":1,"featured_media":0,"parent":0,"menu_order":0,"comment_status":"closed","ping_status":"closed","template":"","meta":{"footnotes":""},"class_list":["post-59","page","type-page","status-publish","hentry"],"_links":{"self":[{"href":"https:\/\/www.schuetzenverein-marienheide.de\/index.php\/wp-json\/wp\/v2\/pages\/59","targetHints":{"allow":["GET"]}}],"collection":[{"href":"https:\/\/www.schuetzenverein-marienheide.de\/index.php\/wp-json\/wp\/v2\/pages"}],"about":[{"href":"https:\/\/www.schuetzenverein-marienheide.de\/index.php\/wp-json\/wp\/v2\/types\/page"}],"author":[{"embeddable":true,"href":"https:\/\/www.schuetzenverein-marienheide.de\/index.php\/wp-json\/wp\/v2\/users\/1"}],"replies":[{"embeddable":true,"href":"https:\/\/www.schuetzenverein-marienheide.de\/index.php\/wp-json\/wp\/v2\/comments?post=59"}],"version-history":[{"count":10,"href":"https:\/\/www.schuetzenverein-marienheide.de\/index.php\/wp-json\/wp\/v2\/pages\/59\/revisions"}],"predecessor-version":[{"id":5758,"href":"https:\/\/www.schuetzenverein-marienheide.de\/index.php\/wp-json\/wp\/v2\/pages\/59\/revisions\/5758"}],"wp:attachment":[{"href":"https:\/\/www.schuetzenverein-marienheide.de\/index.php\/wp-json\/wp\/v2\/media?parent=59"}],"curies":[{"name":"wp","href":"https:\/\/api.w.org\/{rel}","templated":true}]}}