{"id":42,"date":"2016-03-18T13:24:55","date_gmt":"2016-03-18T12:24:55","guid":{"rendered":"\/?page_id=42"},"modified":"2025-05-03T21:24:40","modified_gmt":"2025-05-03T19:24:40","slug":"fruehschuetzen","status":"publish","type":"page","link":"https:\/\/www.schuetzenverein-marienheide.de\/index.php\/schuetzen\/fruehschuetzen\/","title":{"rendered":"Fr\u00fchsch\u00fctzen"},"content":{"rendered":"\n<p>Man schrieb das Jahr 1992. Eine gro\u00dfe Gruppe in den Jungsch\u00fctzen hatte ein alter erreicht welches sie dazu zwang diese so geliebten Jungsch\u00fctzen zu verlassen. Teilweise weit \u00fcber 10 Jahre war man zusammen machte Party, Discos<br>und hatte Spa\u00df und das sollte damit enden???<\/p>\n\n\n\n<p>Niemals!!! Man beschloss eine eigene Gruppe ins Leben zu rufen. So sind die Fr\u00fchsch\u00fctzen entstanden. Die Fr\u00fchsch\u00fctzen sind eine nicht so offizielle Truppe im Sch\u00fctzenverein Marienheide. Sie verwalten sich selbst und haben keinen<br>offiziellen Zugf\u00fchrer. Jedes Jahr zum Heier Sch\u00fctzenfest treffen wir uns um Spa\u00df und gute Laune zu verbreiten. Einmal im Jahr wird ein neuer \u201eAlter Sack\u201d ermittelt. Der Alte Sack wurde ins Leben gerufen weil wir nicht mehr auf den<br>Prinzenvogel schie\u00dfen durften und auf den K\u00f6nigsvogel noch nicht schie\u00dfen wollten. Das schlie\u00dft aber nicht den aktiven Schuss auf den K\u00f6nigsvogel aus!<\/p>\n\n\n\n<p>2 K\u00f6nige gingen aus den Fr\u00fchsch\u00fctzen hervor. K\u00f6nig Karl Josef vom Hofe und der Sch\u00fctzenk\u00f6nig 2006\/2007 Bernd (Moppel) M\u00fcller der III.<\/p>\n\n\n\n<p><em><strong>Horri-fr\u00fch<\/strong><\/em><\/p>\n\n\n\n<figure class=\"wp-block-image\"><img decoding=\"async\" src=\"\/archiv\/schuetzen\/fruehschuetzen\/fruehschuetzen.jpg\" alt=\"archiv\/schuetzen\/fruehschuetzen\/fruehschuetzen.jpg\" title=\"archiv\/schuetzen\/fruehschuetzen\/fruehschuetzen.jpg\"\/><\/figure>\n\n\n\n<p><\/p>\n\n\n\n<figure class=\"wp-block-table\"><table class=\"has-fixed-layout\"><tbody><tr><td colspan=\"2\">\n<h3>Hall of Fame der \u201eAlten S\u00e4cke\u201d<\/h3>\n<\/td><\/tr><tr><td>1993: Dietmar Schwirten<\/td><td>1994: Peter St\u00f6tzel<\/td><\/tr><tr><td>1995: Karl Josef vom Hofe<\/td><td>1996: Bernd M\u00fcller<\/td><\/tr><tr><td>1997: Wolfgang Grimm<\/td><td>1998: Rolf Liebig<\/td><\/tr><tr><td>1999: Peter St\u00f6tzel<\/td><td>2000: J\u00fcrgen Rommerskirchen<\/td><\/tr><tr><td>2001: Sven Wottrich<\/td><td>2002: J\u00fcrgen Rommerskirchen<\/td><\/tr><tr><td>&nbsp;<\/td><td><figure><img loading=\"lazy\" decoding=\"async\" title=\"archiv\/schuetzen\/fruehschuetzen\/altersack2004.jpg\" src=\"\/archiv\/schuetzen\/fruehschuetzen\/altersack2004.jpg\" alt=\"archiv\/schuetzen\/fruehschuetzen\/altersack2004.jpg\" width=\"240\" height=\"160\"><\/figure><\/td><\/tr><tr><td>2003: Jens Vollbrecht<\/td><td>2004: Thomas vom Hofe<\/td><\/tr><tr><td><figure><img loading=\"lazy\" decoding=\"async\" title=\"archiv\/schuetzen\/fruehschuetzen\/altersack2005.jpg\" src=\"\/archiv\/schuetzen\/fruehschuetzen\/altersack2005.jpg\" alt=\"archiv\/schuetzen\/fruehschuetzen\/altersack2005.jpg\" width=\"160\" height=\"240\"><\/figure><\/td><td><figure><img loading=\"lazy\" decoding=\"async\" title=\"archiv\/schuetzen\/fruehschuetzen\/altersack2006.jpg\" src=\"\/archiv\/schuetzen\/fruehschuetzen\/altersack2006.jpg\" alt=\"archiv\/schuetzen\/fruehschuetzen\/altersack2006.jpg\" width=\"240\" height=\"160\"><\/figure><\/td><\/tr><tr><td>2005: Tom Zachini<\/td><td>2006: Karl Josef vom Hofe<\/td><\/tr><tr><td><figure><img loading=\"lazy\" decoding=\"async\" title=\"archiv\/schuetzen\/fruehschuetzen\/altersack2007.jpg\" src=\"\/archiv\/schuetzen\/fruehschuetzen\/altersack2007.jpg\" alt=\"archiv\/schuetzen\/fruehschuetzen\/altersack2007.jpg\" width=\"160\" height=\"240\"><\/figure><\/td><td><figure><img loading=\"lazy\" decoding=\"async\" title=\"archiv\/schuetzen\/fruehschuetzen\/altersack2008.jpg\" src=\"\/archiv\/schuetzen\/fruehschuetzen\/altersack2008.jpg\" alt=\"archiv\/schuetzen\/fruehschuetzen\/altersack2008.jpg\" width=\"160\" height=\"240\"><\/figure><\/td><\/tr><tr><td>2007: Andreas Manz<\/td><td>2008: Markus Meier<\/td><\/tr><tr><td><figure><img loading=\"lazy\" decoding=\"async\" title=\"archiv\/schuetzen\/fruehschuetzen\/altersack2009.jpg\" src=\"\/archiv\/schuetzen\/fruehschuetzen\/altersack2009.jpg\" alt=\"archiv\/schuetzen\/fruehschuetzen\/altersack2009.jpg\" width=\"180\" height=\"240\"><\/figure><\/td><td>&nbsp;<\/td><\/tr><tr><td>2009: Frank Meyer<\/td><td>&nbsp;<\/td><\/tr><\/tbody><\/table><\/figure>\n\n\n\n<p><\/p>\n\n\n\n<h3 class=\"wp-block-heading\">Bilder von den Sch\u00fctzenfesten<\/h3>\n\n\n\n<p><\/p>\n\n\n\n<figure class=\"wp-block-gallery has-nested-images columns-default is-cropped wp-block-gallery-1 is-layout-flex wp-block-gallery-is-layout-flex\">\n<figure class=\"wp-block-image size-large\"><img loading=\"lazy\" decoding=\"async\" width=\"938\" height=\"625\" data-id=\"7955\" src=\"https:\/\/www.schuetzenverein-marienheide.de\/wp-content\/uploads\/2025\/05\/FA7C95AA-0494-4B93-8E8C-DEBC92B7FB7D.jpeg\" alt=\"\" class=\"wp-image-7955\" srcset=\"https:\/\/www.schuetzenverein-marienheide.de\/wp-content\/uploads\/2025\/05\/FA7C95AA-0494-4B93-8E8C-DEBC92B7FB7D.jpeg 938w, https:\/\/www.schuetzenverein-marienheide.de\/wp-content\/uploads\/2025\/05\/FA7C95AA-0494-4B93-8E8C-DEBC92B7FB7D-300x200.jpeg 300w, https:\/\/www.schuetzenverein-marienheide.de\/wp-content\/uploads\/2025\/05\/FA7C95AA-0494-4B93-8E8C-DEBC92B7FB7D-768x512.jpeg 768w\" sizes=\"auto, (max-width: 938px) 100vw, 938px\" \/><figcaption class=\"wp-element-caption\">2024<\/figcaption><\/figure>\n\n\n\n<figure class=\"wp-block-image size-large\"><img loading=\"lazy\" decoding=\"async\" width=\"938\" height=\"625\" data-id=\"7953\" src=\"https:\/\/www.schuetzenverein-marienheide.de\/wp-content\/uploads\/2025\/05\/0268813E-FA99-4D32-9976-F0E12F4FA60A.jpeg\" alt=\"\" class=\"wp-image-7953\" srcset=\"https:\/\/www.schuetzenverein-marienheide.de\/wp-content\/uploads\/2025\/05\/0268813E-FA99-4D32-9976-F0E12F4FA60A.jpeg 938w, https:\/\/www.schuetzenverein-marienheide.de\/wp-content\/uploads\/2025\/05\/0268813E-FA99-4D32-9976-F0E12F4FA60A-300x200.jpeg 300w, https:\/\/www.schuetzenverein-marienheide.de\/wp-content\/uploads\/2025\/05\/0268813E-FA99-4D32-9976-F0E12F4FA60A-768x512.jpeg 768w\" sizes=\"auto, (max-width: 938px) 100vw, 938px\" \/><figcaption class=\"wp-element-caption\">2024<\/figcaption><\/figure>\n\n\n\n<figure class=\"wp-block-image size-large\"><img loading=\"lazy\" decoding=\"async\" width=\"938\" height=\"625\" data-id=\"7952\" src=\"https:\/\/www.schuetzenverein-marienheide.de\/wp-content\/uploads\/2025\/05\/3B5B36FD-957F-4B1A-86CD-B92B1D2A82AF.jpeg\" alt=\"\" class=\"wp-image-7952\" srcset=\"https:\/\/www.schuetzenverein-marienheide.de\/wp-content\/uploads\/2025\/05\/3B5B36FD-957F-4B1A-86CD-B92B1D2A82AF.jpeg 938w, https:\/\/www.schuetzenverein-marienheide.de\/wp-content\/uploads\/2025\/05\/3B5B36FD-957F-4B1A-86CD-B92B1D2A82AF-300x200.jpeg 300w, https:\/\/www.schuetzenverein-marienheide.de\/wp-content\/uploads\/2025\/05\/3B5B36FD-957F-4B1A-86CD-B92B1D2A82AF-768x512.jpeg 768w\" sizes=\"auto, (max-width: 938px) 100vw, 938px\" \/><figcaption class=\"wp-element-caption\">2024<\/figcaption><\/figure>\n\n\n\n<figure class=\"wp-block-image size-large\"><img loading=\"lazy\" decoding=\"async\" width=\"938\" height=\"625\" data-id=\"7954\" src=\"https:\/\/www.schuetzenverein-marienheide.de\/wp-content\/uploads\/2025\/05\/75343167-AA20-4FE3-AF7F-F2C4D52F9931.jpeg\" alt=\"\" class=\"wp-image-7954\" srcset=\"https:\/\/www.schuetzenverein-marienheide.de\/wp-content\/uploads\/2025\/05\/75343167-AA20-4FE3-AF7F-F2C4D52F9931.jpeg 938w, https:\/\/www.schuetzenverein-marienheide.de\/wp-content\/uploads\/2025\/05\/75343167-AA20-4FE3-AF7F-F2C4D52F9931-300x200.jpeg 300w, https:\/\/www.schuetzenverein-marienheide.de\/wp-content\/uploads\/2025\/05\/75343167-AA20-4FE3-AF7F-F2C4D52F9931-768x512.jpeg 768w\" sizes=\"auto, (max-width: 938px) 100vw, 938px\" \/><figcaption class=\"wp-element-caption\">2024<\/figcaption><\/figure>\n\n\n\n<figure class=\"wp-block-image size-large\"><img loading=\"lazy\" decoding=\"async\" width=\"938\" height=\"625\" data-id=\"7962\" src=\"https:\/\/www.schuetzenverein-marienheide.de\/wp-content\/uploads\/2025\/05\/883CA220-016D-430E-B907-2D5EE9800ADA.jpeg\" alt=\"\" class=\"wp-image-7962\" srcset=\"https:\/\/www.schuetzenverein-marienheide.de\/wp-content\/uploads\/2025\/05\/883CA220-016D-430E-B907-2D5EE9800ADA.jpeg 938w, https:\/\/www.schuetzenverein-marienheide.de\/wp-content\/uploads\/2025\/05\/883CA220-016D-430E-B907-2D5EE9800ADA-300x200.jpeg 300w, https:\/\/www.schuetzenverein-marienheide.de\/wp-content\/uploads\/2025\/05\/883CA220-016D-430E-B907-2D5EE9800ADA-768x512.jpeg 768w\" sizes=\"auto, (max-width: 938px) 100vw, 938px\" \/><figcaption class=\"wp-element-caption\">2024<\/figcaption><\/figure>\n<\/figure>\n\n\n\n<figure class=\"wp-block-table\"><table class=\"has-fixed-layout\"><tbody><tr><td>2008<\/td><td>&nbsp;<\/td><td>&nbsp;<\/td><\/tr><tr><td><figure><img loading=\"lazy\" decoding=\"async\" title=\"archiv\/schuetzen\/fruehschuetzen\/2008_01.jpg\" src=\"\/archiv\/schuetzen\/fruehschuetzen\/2008_01.jpg\" alt=\"archiv\/schuetzen\/fruehschuetzen\/2008_01.jpg\" width=\"240\" height=\"160\"><\/figure><\/td><td><figure><img loading=\"lazy\" decoding=\"async\" title=\"archiv\/schuetzen\/fruehschuetzen\/2008_02.jpg\" src=\"\/archiv\/schuetzen\/fruehschuetzen\/2008_02.jpg\" alt=\"archiv\/schuetzen\/fruehschuetzen\/2008_02.jpg\" width=\"240\" height=\"160\"><\/figure><\/td><td><figure><img loading=\"lazy\" decoding=\"async\" title=\"archiv\/schuetzen\/fruehschuetzen\/2008_03.jpg\" src=\"\/archiv\/schuetzen\/fruehschuetzen\/2008_03.jpg\" alt=\"archiv\/schuetzen\/fruehschuetzen\/2008_03.jpg\" width=\"240\" height=\"160\"><\/figure><\/td><\/tr><tr><td><figure><img decoding=\"async\" title=\"archiv\/schuetzen\/fruehschuetzen\/2008_04.jpg\" src=\"\/archiv\/schuetzen\/fruehschuetzen\/2008_04.jpg\" alt=\"archiv\/schuetzen\/fruehschuetzen\/2008_04.jpg\"><\/figure><\/td><td><figure><img loading=\"lazy\" decoding=\"async\" title=\"archiv\/schuetzen\/fruehschuetzen\/2008_05.jpg\" src=\"\/archiv\/schuetzen\/fruehschuetzen\/2008_05.jpg\" alt=\"archiv\/schuetzen\/fruehschuetzen\/2008_05.jpg\" width=\"240\" height=\"160\"><\/figure><\/td><td><figure><img loading=\"lazy\" decoding=\"async\" title=\"archiv\/schuetzen\/fruehschuetzen\/2008_06.jpg\" src=\"\/archiv\/schuetzen\/fruehschuetzen\/2008_06.jpg\" alt=\"archiv\/schuetzen\/fruehschuetzen\/2008_06.jpg\" width=\"240\" height=\"160\"><\/figure><\/td><\/tr><tr><td>\n<p>2006<\/p>\n<\/td><td>&nbsp;<\/td><td>&nbsp;<\/td><\/tr><tr><td><figure><img loading=\"lazy\" decoding=\"async\" title=\"archiv\/schuetzen\/fruehschuetzen\/2006_01.jpg\" src=\"\/archiv\/schuetzen\/fruehschuetzen\/2006_01.jpg\" alt=\"archiv\/schuetzen\/fruehschuetzen\/2006_01.jpg\" width=\"240\" height=\"160\"><\/figure><\/td><td><figure><img loading=\"lazy\" decoding=\"async\" title=\"archiv\/schuetzen\/fruehschuetzen\/2006_02.jpg\" src=\"\/archiv\/schuetzen\/fruehschuetzen\/2006_02.jpg\" alt=\"archiv\/schuetzen\/fruehschuetzen\/2006_02.jpg\" width=\"240\" height=\"160\"><\/figure><\/td><td><figure><img loading=\"lazy\" decoding=\"async\" title=\"archiv\/schuetzen\/fruehschuetzen\/2006_03.jpg\" src=\"\/archiv\/schuetzen\/fruehschuetzen\/2006_03.jpg\" alt=\"archiv\/schuetzen\/fruehschuetzen\/2006_03.jpg\" width=\"240\" height=\"160\"><\/figure><\/td><\/tr><tr><td><figure><img loading=\"lazy\" decoding=\"async\" title=\"archiv\/schuetzen\/fruehschuetzen\/2006_04.jpg\" src=\"\/archiv\/schuetzen\/fruehschuetzen\/2006_04.jpg\" alt=\"archiv\/schuetzen\/fruehschuetzen\/2006_04.jpg\" width=\"240\" height=\"160\"><\/figure><\/td><td><figure><img loading=\"lazy\" decoding=\"async\" title=\"archiv\/schuetzen\/fruehschuetzen\/2006_05.jpg\" src=\"\/archiv\/schuetzen\/fruehschuetzen\/2006_05.jpg\" alt=\"archiv\/schuetzen\/fruehschuetzen\/2006_05.jpg\" width=\"240\" height=\"160\"><\/figure><\/td><td><figure><img loading=\"lazy\" decoding=\"async\" title=\"archiv\/schuetzen\/fruehschuetzen\/2006_06.jpg\" src=\"\/archiv\/schuetzen\/fruehschuetzen\/2006_06.jpg\" alt=\"archiv\/schuetzen\/fruehschuetzen\/2006_06.jpg\" width=\"240\" height=\"160\"><\/figure><\/td><\/tr><tr><td>\n<p>2005<\/p>\n<\/td><td>&nbsp;<\/td><td>&nbsp;<\/td><\/tr><tr><td><figure><img loading=\"lazy\" decoding=\"async\" title=\"archiv\/schuetzen\/fruehschuetzen\/2005_01.jpg\" src=\"\/archiv\/schuetzen\/fruehschuetzen\/2005_01.jpg\" alt=\"archiv\/schuetzen\/fruehschuetzen\/2005_01.jpg\" width=\"240\" height=\"160\"><\/figure><\/td><td><figure><img loading=\"lazy\" decoding=\"async\" title=\"archiv\/schuetzen\/fruehschuetzen\/2005_02.jpg\" src=\"\/archiv\/schuetzen\/fruehschuetzen\/2005_02.jpg\" alt=\"archiv\/schuetzen\/fruehschuetzen\/2005_02.jpg\" width=\"240\" height=\"160\"><\/figure><\/td><td><figure><img loading=\"lazy\" decoding=\"async\" title=\"archiv\/schuetzen\/fruehschuetzen\/2005_03.jpg\" src=\"\/archiv\/schuetzen\/fruehschuetzen\/2005_03.jpg\" alt=\"archiv\/schuetzen\/fruehschuetzen\/2005_03.jpg\" width=\"160\" height=\"240\"><\/figure><\/td><\/tr><tr><td>\n<p>2004<\/p>\n<\/td><td>&nbsp;<\/td><td>&nbsp;<\/td><\/tr><tr><td><figure><img loading=\"lazy\" decoding=\"async\" title=\"archiv\/schuetzen\/fruehschuetzen\/2004_01.jpg\" src=\"\/archiv\/schuetzen\/fruehschuetzen\/2004_01.jpg\" alt=\"archiv\/schuetzen\/fruehschuetzen\/2004_01.jpg\" width=\"240\" height=\"160\"><\/figure><\/td><td><figure><img loading=\"lazy\" decoding=\"async\" title=\"archiv\/schuetzen\/fruehschuetzen\/2004_02.jpg\" src=\"\/archiv\/schuetzen\/fruehschuetzen\/2004_02.jpg\" alt=\"archiv\/schuetzen\/fruehschuetzen\/2004_02.jpg\" width=\"240\" height=\"160\"><\/figure><\/td><td><figure><img loading=\"lazy\" decoding=\"async\" title=\"archiv\/schuetzen\/fruehschuetzen\/2004_03.jpg\" src=\"\/archiv\/schuetzen\/fruehschuetzen\/2004_03.jpg\" alt=\"archiv\/schuetzen\/fruehschuetzen\/2004_03.jpg\" width=\"240\" height=\"160\"><\/figure><\/td><\/tr><tr><td><figure><img loading=\"lazy\" decoding=\"async\" title=\"archiv\/schuetzen\/fruehschuetzen\/2004_04.jpg\" src=\"\/archiv\/schuetzen\/fruehschuetzen\/2004_04.jpg\" alt=\"archiv\/schuetzen\/fruehschuetzen\/2004_04.jpg\" width=\"240\" height=\"160\"><\/figure><\/td><td><figure><img loading=\"lazy\" decoding=\"async\" title=\"archiv\/schuetzen\/fruehschuetzen\/2004_05.jpg\" src=\"\/archiv\/schuetzen\/fruehschuetzen\/2004_05.jpg\" alt=\"archiv\/schuetzen\/fruehschuetzen\/2004_05.jpg\" width=\"240\" height=\"160\"><\/figure><\/td><td><figure><img loading=\"lazy\" decoding=\"async\" title=\"archiv\/schuetzen\/fruehschuetzen\/2004_06.jpg\" src=\"\/archiv\/schuetzen\/fruehschuetzen\/2004_06.jpg\" alt=\"archiv\/schuetzen\/fruehschuetzen\/2004_06.jpg\" width=\"240\" height=\"160\"><\/figure><\/td><\/tr><tr><td>\n<p>2003<\/p>\n<\/td><td>&nbsp;<\/td><td>&nbsp;<\/td><\/tr><tr><td><figure><img loading=\"lazy\" decoding=\"async\" title=\"archiv\/schuetzen\/fruehschuetzen\/2003_01.jpg\" src=\"\/archiv\/schuetzen\/fruehschuetzen\/2003_01.jpg\" alt=\"archiv\/schuetzen\/fruehschuetzen\/2003_01.jpg\" width=\"240\" height=\"160\"><\/figure><\/td><td><figure><img loading=\"lazy\" decoding=\"async\" title=\"archiv\/schuetzen\/fruehschuetzen\/2003_02.jpg\" src=\"\/archiv\/schuetzen\/fruehschuetzen\/2003_02.jpg\" alt=\"archiv\/schuetzen\/fruehschuetzen\/2003_02.jpg\" width=\"240\" height=\"160\"><\/figure><\/td><td><figure><img loading=\"lazy\" decoding=\"async\" title=\"archiv\/schuetzen\/fruehschuetzen\/2003_03.jpg\" src=\"\/archiv\/schuetzen\/fruehschuetzen\/2003_03.jpg\" alt=\"archiv\/schuetzen\/fruehschuetzen\/2003_03.jpg\" width=\"240\" height=\"160\"><\/figure><\/td><\/tr><tr><td><figure><img loading=\"lazy\" decoding=\"async\" title=\"archiv\/schuetzen\/fruehschuetzen\/2003_04.jpg\" src=\"\/archiv\/schuetzen\/fruehschuetzen\/2003_04.jpg\" alt=\"archiv\/schuetzen\/fruehschuetzen\/2003_04.jpg\" width=\"240\" height=\"160\"><\/figure><\/td><td>&nbsp;<\/td><td>&nbsp;<\/td><\/tr><\/tbody><\/table><\/figure>\n","protected":false},"excerpt":{"rendered":"<p>Man schrieb das Jahr 1992. Eine gro\u00dfe Gruppe in den Jungsch\u00fctzen hatte ein alter erreicht welches sie dazu zwang diese so geliebten Jungsch\u00fctzen zu verlassen. Teilweise weit \u00fcber 10 Jahre war man zusammen machte Party, Discosund hatte Spa\u00df und das sollte damit enden??? Niemals!!! Man beschloss eine eigene Gruppe ins Leben zu rufen. So sind [&hellip;]<\/p>\n","protected":false},"author":1,"featured_media":0,"parent":30,"menu_order":0,"comment_status":"closed","ping_status":"closed","template":"","meta":{"footnotes":""},"class_list":["post-42","page","type-page","status-publish","hentry"],"_links":{"self":[{"href":"https:\/\/www.schuetzenverein-marienheide.de\/index.php\/wp-json\/wp\/v2\/pages\/42","targetHints":{"allow":["GET"]}}],"collection":[{"href":"https:\/\/www.schuetzenverein-marienheide.de\/index.php\/wp-json\/wp\/v2\/pages"}],"about":[{"href":"https:\/\/www.schuetzenverein-marienheide.de\/index.php\/wp-json\/wp\/v2\/types\/page"}],"author":[{"embeddable":true,"href":"https:\/\/www.schuetzenverein-marienheide.de\/index.php\/wp-json\/wp\/v2\/users\/1"}],"replies":[{"embeddable":true,"href":"https:\/\/www.schuetzenverein-marienheide.de\/index.php\/wp-json\/wp\/v2\/comments?post=42"}],"version-history":[{"count":6,"href":"https:\/\/www.schuetzenverein-marienheide.de\/index.php\/wp-json\/wp\/v2\/pages\/42\/revisions"}],"predecessor-version":[{"id":7963,"href":"https:\/\/www.schuetzenverein-marienheide.de\/index.php\/wp-json\/wp\/v2\/pages\/42\/revisions\/7963"}],"up":[{"embeddable":true,"href":"https:\/\/www.schuetzenverein-marienheide.de\/index.php\/wp-json\/wp\/v2\/pages\/30"}],"wp:attachment":[{"href":"https:\/\/www.schuetzenverein-marienheide.de\/index.php\/wp-json\/wp\/v2\/media?parent=42"}],"curies":[{"name":"wp","href":"https:\/\/api.w.org\/{rel}","templated":true}]}}