{"id":40,"date":"2016-03-18T13:24:40","date_gmt":"2016-03-18T12:24:40","guid":{"rendered":"\/?page_id=40"},"modified":"2025-05-03T19:41:08","modified_gmt":"2025-05-03T17:41:08","slug":"jungschuetzen-damen","status":"publish","type":"page","link":"https:\/\/www.schuetzenverein-marienheide.de\/index.php\/schuetzen\/jungschuetzen-damen\/","title":{"rendered":"Sch\u00fctzenm\u00e4dels"},"content":{"rendered":"\n<p>Offiziere:<br><strong>Carolin Huster<\/strong><\/p>\n\n\n<div class=\"wp-block-image\">\n<figure class=\"alignleft size-full is-resized\"><img loading=\"lazy\" decoding=\"async\" width=\"756\" height=\"1008\" src=\"https:\/\/www.schuetzenverein-marienheide.de\/wp-content\/uploads\/2025\/05\/IMG_7956.jpeg\" alt=\"\" class=\"wp-image-7908\" style=\"width:197px;height:auto\" srcset=\"https:\/\/www.schuetzenverein-marienheide.de\/wp-content\/uploads\/2025\/05\/IMG_7956.jpeg 756w, https:\/\/www.schuetzenverein-marienheide.de\/wp-content\/uploads\/2025\/05\/IMG_7956-225x300.jpeg 225w\" sizes=\"auto, (max-width: 756px) 100vw, 756px\" \/><\/figure>\n<\/div>\n\n\n<p><strong>Wir sind die Sch\u00fctzenm\u00e4dels von der Hei <\/strong><\/p>\n\n\n\n<p>Wir hatten uns gedacht es w\u00e4re sch\u00f6n, wenn es auch mal junge M\u00e4dels im Sch\u00fctzenverein Marienheide g\u00e4be, die viel Spa\u00df und Freude am Sch\u00fctzenvereinsleben haben. Somit wurden im Juli 2006 die Sch\u00fctzen-M\u00e4dels gegr\u00fcndet. Seitdem besuchen wir Sch\u00fctzenfeste und nehmen mal mit den Jungsch\u00fctzen Marienheide, mal aber auch alleine an Ausfl\u00fcgen, sportlichen Aktionen teil und organisieren auch eigene Aktionen und Ausfl\u00fcge.<\/p>\n\n\n\n<p>&nbsp;<\/p>\n\n\n\n<p>Auch die M\u00f6glichkeiten des Schie\u00dfsportes m\u00f6chten wir nutzen und den Sport n\u00e4her kennen lernen. Unser Ziel ist es gemeinsam Spa\u00df und Freude zu haben und diese zu verbreiten. Bist du neugierig geworden und zwischen 16 und 26 Jahre alt, dann melde dich einfach bei uns.<\/p>\n\n\n\n<p>&nbsp;<\/p>\n\n\n\n<p><em>Wir freuen uns auf dich!<\/em><\/p>\n\n\n\n<p>Du kannst uns wie folgt erreichen:<\/p>\n\n\n\n<p><\/p>\n","protected":false},"excerpt":{"rendered":"<p>Offiziere:Carolin Huster Wir sind die Sch\u00fctzenm\u00e4dels von der Hei Wir hatten uns gedacht es w\u00e4re sch\u00f6n, wenn es auch mal junge M\u00e4dels im Sch\u00fctzenverein Marienheide g\u00e4be, die viel Spa\u00df und Freude am Sch\u00fctzenvereinsleben haben. Somit wurden im Juli 2006 die Sch\u00fctzen-M\u00e4dels gegr\u00fcndet. Seitdem besuchen wir Sch\u00fctzenfeste und nehmen mal mit den Jungsch\u00fctzen Marienheide, mal aber [&hellip;]<\/p>\n","protected":false},"author":1,"featured_media":0,"parent":30,"menu_order":0,"comment_status":"closed","ping_status":"closed","template":"","meta":{"footnotes":""},"class_list":["post-40","page","type-page","status-publish","hentry"],"_links":{"self":[{"href":"https:\/\/www.schuetzenverein-marienheide.de\/index.php\/wp-json\/wp\/v2\/pages\/40","targetHints":{"allow":["GET"]}}],"collection":[{"href":"https:\/\/www.schuetzenverein-marienheide.de\/index.php\/wp-json\/wp\/v2\/pages"}],"about":[{"href":"https:\/\/www.schuetzenverein-marienheide.de\/index.php\/wp-json\/wp\/v2\/types\/page"}],"author":[{"embeddable":true,"href":"https:\/\/www.schuetzenverein-marienheide.de\/index.php\/wp-json\/wp\/v2\/users\/1"}],"replies":[{"embeddable":true,"href":"https:\/\/www.schuetzenverein-marienheide.de\/index.php\/wp-json\/wp\/v2\/comments?post=40"}],"version-history":[{"count":9,"href":"https:\/\/www.schuetzenverein-marienheide.de\/index.php\/wp-json\/wp\/v2\/pages\/40\/revisions"}],"predecessor-version":[{"id":7910,"href":"https:\/\/www.schuetzenverein-marienheide.de\/index.php\/wp-json\/wp\/v2\/pages\/40\/revisions\/7910"}],"up":[{"embeddable":true,"href":"https:\/\/www.schuetzenverein-marienheide.de\/index.php\/wp-json\/wp\/v2\/pages\/30"}],"wp:attachment":[{"href":"https:\/\/www.schuetzenverein-marienheide.de\/index.php\/wp-json\/wp\/v2\/media?parent=40"}],"curies":[{"name":"wp","href":"https:\/\/api.w.org\/{rel}","templated":true}]}}