{"id":38,"date":"2016-03-18T13:24:28","date_gmt":"2016-03-18T12:24:28","guid":{"rendered":"\/?page_id=38"},"modified":"2025-05-03T20:54:44","modified_gmt":"2025-05-03T18:54:44","slug":"jungschuetzen-herren","status":"publish","type":"page","link":"https:\/\/www.schuetzenverein-marienheide.de\/index.php\/schuetzen\/jungschuetzen-herren\/","title":{"rendered":"Jungsch\u00fctzen"},"content":{"rendered":"\n<figure class=\"wp-block-image size-full is-resized\"><img loading=\"lazy\" decoding=\"async\" width=\"756\" height=\"1008\" src=\"https:\/\/www.schuetzenverein-marienheide.de\/wp-content\/uploads\/2025\/05\/IMG_7789.jpeg\" alt=\"\" class=\"wp-image-7905\" style=\"width:227px;height:auto\" srcset=\"https:\/\/www.schuetzenverein-marienheide.de\/wp-content\/uploads\/2025\/05\/IMG_7789.jpeg 756w, https:\/\/www.schuetzenverein-marienheide.de\/wp-content\/uploads\/2025\/05\/IMG_7789-225x300.jpeg 225w\" sizes=\"auto, (max-width: 756px) 100vw, 756px\" \/><figcaption class=\"wp-element-caption\">Jungsch\u00fctzenleitung Fabiana Schuster und Paul Wottrich<\/figcaption><\/figure>\n\n\n\n<p><\/p>\n\n\n\n<p>Seit dem vergangenen Jahr hat die 20k\u00f6pfige Jungsch\u00fctzen-Gruppe ein neues Leitungsteam. \u00a0Ihre Arbeit besteht derzeit in der Neustrukturierung und Aufstockung der Gruppe. Inzwischen besteht diese Gruppe aus m\u00e4nnlichen und weiblichen Jugendlichen ab dem vierzehnten Lebensjahr.\u00a0An Spa\u00df und guter Laune fehlt es in der Gruppe nicht. F\u00fcr gen\u00fcgend Abwechslung sorgen neben den \u00fcblichen Vereinsaktivit\u00e4ten weitere Treffen, Wandertage, Fu\u00dfballturniere von befreundeten Vereinen usw.. <\/p>\n\n\n\n<p>Einladungen zu Fu\u00dfball- und Juxturnieren von befreundeten Vereinen werden gerne angenommen.<\/p>\n\n\n\n<figure class=\"wp-block-gallery has-nested-images columns-3 is-cropped wp-block-gallery-1 is-layout-flex wp-block-gallery-is-layout-flex\">\n<figure class=\"wp-block-image size-large\"><img loading=\"lazy\" decoding=\"async\" width=\"270\" height=\"359\" data-id=\"7939\" src=\"https:\/\/www.schuetzenverein-marienheide.de\/wp-content\/uploads\/2025\/05\/IMG_7991.jpg\" alt=\"\" class=\"wp-image-7939\" srcset=\"https:\/\/www.schuetzenverein-marienheide.de\/wp-content\/uploads\/2025\/05\/IMG_7991.jpg 270w, https:\/\/www.schuetzenverein-marienheide.de\/wp-content\/uploads\/2025\/05\/IMG_7991-226x300.jpg 226w\" sizes=\"auto, (max-width: 270px) 100vw, 270px\" \/><\/figure>\n\n\n\n<figure class=\"wp-block-image size-large\"><img loading=\"lazy\" decoding=\"async\" width=\"750\" height=\"554\" data-id=\"7940\" src=\"https:\/\/www.schuetzenverein-marienheide.de\/wp-content\/uploads\/2025\/05\/IMG_7992.jpg\" alt=\"\" class=\"wp-image-7940\" srcset=\"https:\/\/www.schuetzenverein-marienheide.de\/wp-content\/uploads\/2025\/05\/IMG_7992.jpg 750w, https:\/\/www.schuetzenverein-marienheide.de\/wp-content\/uploads\/2025\/05\/IMG_7992-300x222.jpg 300w\" sizes=\"auto, (max-width: 750px) 100vw, 750px\" \/><\/figure>\n\n\n\n<figure class=\"wp-block-image size-large\"><img loading=\"lazy\" decoding=\"async\" width=\"750\" height=\"607\" data-id=\"7942\" src=\"https:\/\/www.schuetzenverein-marienheide.de\/wp-content\/uploads\/2025\/05\/IMG_7993.jpg\" alt=\"\" class=\"wp-image-7942\" srcset=\"https:\/\/www.schuetzenverein-marienheide.de\/wp-content\/uploads\/2025\/05\/IMG_7993.jpg 750w, https:\/\/www.schuetzenverein-marienheide.de\/wp-content\/uploads\/2025\/05\/IMG_7993-300x243.jpg 300w\" sizes=\"auto, (max-width: 750px) 100vw, 750px\" \/><\/figure>\n\n\n\n<figure class=\"wp-block-image size-large\"><img loading=\"lazy\" decoding=\"async\" width=\"750\" height=\"680\" data-id=\"7941\" src=\"https:\/\/www.schuetzenverein-marienheide.de\/wp-content\/uploads\/2025\/05\/IMG_7995.jpg\" alt=\"\" class=\"wp-image-7941\" srcset=\"https:\/\/www.schuetzenverein-marienheide.de\/wp-content\/uploads\/2025\/05\/IMG_7995.jpg 750w, https:\/\/www.schuetzenverein-marienheide.de\/wp-content\/uploads\/2025\/05\/IMG_7995-300x272.jpg 300w\" sizes=\"auto, (max-width: 750px) 100vw, 750px\" \/><\/figure>\n\n\n\n<figure class=\"wp-block-image size-large\"><img loading=\"lazy\" decoding=\"async\" width=\"750\" height=\"553\" data-id=\"7943\" src=\"https:\/\/www.schuetzenverein-marienheide.de\/wp-content\/uploads\/2025\/05\/IMG_7997.jpg\" alt=\"\" class=\"wp-image-7943\" srcset=\"https:\/\/www.schuetzenverein-marienheide.de\/wp-content\/uploads\/2025\/05\/IMG_7997.jpg 750w, https:\/\/www.schuetzenverein-marienheide.de\/wp-content\/uploads\/2025\/05\/IMG_7997-300x221.jpg 300w\" sizes=\"auto, (max-width: 750px) 100vw, 750px\" \/><\/figure>\n<\/figure>\n","protected":false},"excerpt":{"rendered":"<p>Seit dem vergangenen Jahr hat die 20k\u00f6pfige Jungsch\u00fctzen-Gruppe ein neues Leitungsteam. \u00a0Ihre Arbeit besteht derzeit in der Neustrukturierung und Aufstockung der Gruppe. Inzwischen besteht diese Gruppe aus m\u00e4nnlichen und weiblichen Jugendlichen ab dem vierzehnten Lebensjahr.\u00a0An Spa\u00df und guter Laune fehlt es in der Gruppe nicht. F\u00fcr gen\u00fcgend Abwechslung sorgen neben den \u00fcblichen Vereinsaktivit\u00e4ten weitere Treffen, [&hellip;]<\/p>\n","protected":false},"author":1,"featured_media":0,"parent":30,"menu_order":0,"comment_status":"closed","ping_status":"closed","template":"","meta":{"footnotes":""},"class_list":["post-38","page","type-page","status-publish","hentry"],"_links":{"self":[{"href":"https:\/\/www.schuetzenverein-marienheide.de\/index.php\/wp-json\/wp\/v2\/pages\/38","targetHints":{"allow":["GET"]}}],"collection":[{"href":"https:\/\/www.schuetzenverein-marienheide.de\/index.php\/wp-json\/wp\/v2\/pages"}],"about":[{"href":"https:\/\/www.schuetzenverein-marienheide.de\/index.php\/wp-json\/wp\/v2\/types\/page"}],"author":[{"embeddable":true,"href":"https:\/\/www.schuetzenverein-marienheide.de\/index.php\/wp-json\/wp\/v2\/users\/1"}],"replies":[{"embeddable":true,"href":"https:\/\/www.schuetzenverein-marienheide.de\/index.php\/wp-json\/wp\/v2\/comments?post=38"}],"version-history":[{"count":18,"href":"https:\/\/www.schuetzenverein-marienheide.de\/index.php\/wp-json\/wp\/v2\/pages\/38\/revisions"}],"predecessor-version":[{"id":7947,"href":"https:\/\/www.schuetzenverein-marienheide.de\/index.php\/wp-json\/wp\/v2\/pages\/38\/revisions\/7947"}],"up":[{"embeddable":true,"href":"https:\/\/www.schuetzenverein-marienheide.de\/index.php\/wp-json\/wp\/v2\/pages\/30"}],"wp:attachment":[{"href":"https:\/\/www.schuetzenverein-marienheide.de\/index.php\/wp-json\/wp\/v2\/media?parent=38"}],"curies":[{"name":"wp","href":"https:\/\/api.w.org\/{rel}","templated":true}]}}