{"id":13,"date":"2016-03-18T13:19:41","date_gmt":"2016-03-18T12:19:41","guid":{"rendered":"\/?page_id=13"},"modified":"2021-01-31T16:42:11","modified_gmt":"2021-01-31T15:42:11","slug":"verein","status":"publish","type":"page","link":"https:\/\/www.schuetzenverein-marienheide.de\/index.php\/verein\/","title":{"rendered":"Verein"},"content":{"rendered":"<div id=\"lipsum\">\n<p>Auf den folgenden Seiten m\u00f6chten wir Ihnen unseren Verein mit seinen Traditionen, Abteilungen und Gruppierungen vorstellen.<\/p>\n<p>Neben der Geschichte des Vereins <strong>(Chronik)<\/strong> stellen wir Ihnen auch die geplanten Aktivit\u00e4ten <strong>(Aktuelles, Termine, Newsletter)<\/strong> vor.<br \/>\nWir feiern nicht nur Sch\u00fctzenfeste, sondern bieten mit unserer Sportsch\u00fctzenabteilung <strong>(Schie\u00dfsport)<\/strong> auch sportliche Aktivit\u00e4t an.<\/p>\n<p>Ebenfalls werden im Sch\u00fctzenverein Marienheide diverse gesellige Aktivit\u00e4ten in unterschiedlichen Gruppierungen angeboten.<\/p>\n<p>Unter der Rubrik <strong>\u201eSch\u00fctzen\u201c<\/strong> werden Ihnen diese einzeln vorgestellt. Weitere Informationen \u00fcber die sportlichen und geselligen Gruppierungen k\u00f6nnen gerne bei den Offizieren bzw. den Zugoffizieren erfragt werden.<\/p>\n<p>Zum Erhalt der Kameradschaft treffen wir uns jeden ersten Donnerstag im Monat im &#8222;Bistro Krakau&#8220; in Marienheide zu einem D\u00e4mmerschoppen. Hier werden ab 19.30 Uhr &#8222;D\u00f6nchen&#8220; und Neuigkeiten ausgetauscht.<\/p>\n<p>Der Sch\u00fctzenverein hat also manches zu bieten.<\/p>\n<p>M\u00f6chten auch Sie in unseren Verein eintreten bzw. eine Gruppierung mit Leben erf\u00fcllen, so freuen wir uns, Sie demn\u00e4chst hier und da freundlichst begr\u00fc\u00dfen zu d\u00fcrfen. Eine Beitrittserkl\u00e4rung zum Download finden Sie ebenfalls auf dieser Seite.<\/p>\n<p>Nat\u00fcrlich basiert die Teilnahme an allen hier genannten Gruppierungen auf freiwilliger Basis. Alles kann, nichts muss !<\/p>\n<p>Wenn Sie sich nicht f\u00fcr das <strong><u>aktive<\/u><\/strong>, sondern mehr f\u00fcr das <strong><u>passive <\/u><\/strong>Mitglied entscheiden m\u00f6chten, versichern wir Ihnen, dass der Beitrag in guten H\u00e4nden ist und f\u00fcr die Kultur- und Brauchtumspflege sowie in der Jugendarbeit mit Sinn und Verstand eingesetzt wird.<\/p>\n<p><img loading=\"lazy\" decoding=\"async\" class=\"smart aligncenter\" src=\"\/wp-content\/themes\/schuetzenverein-marienheide\/img\/schuetzenverein-marienheide-logo.png\" width=\"305\" height=\"305\" \/><\/p>\n<\/div>\n","protected":false},"excerpt":{"rendered":"<p>Auf den folgenden Seiten m\u00f6chten wir Ihnen unseren Verein mit seinen Traditionen, Abteilungen und Gruppierungen vorstellen. Neben der Geschichte des Vereins (Chronik) stellen wir Ihnen auch die geplanten Aktivit\u00e4ten (Aktuelles, Termine, Newsletter) vor. Wir feiern nicht nur Sch\u00fctzenfeste, sondern bieten mit unserer Sportsch\u00fctzenabteilung (Schie\u00dfsport) auch sportliche Aktivit\u00e4t an. Ebenfalls werden im Sch\u00fctzenverein Marienheide diverse gesellige [&hellip;]<\/p>\n","protected":false},"author":1,"featured_media":0,"parent":0,"menu_order":0,"comment_status":"closed","ping_status":"closed","template":"","meta":{"footnotes":""},"class_list":["post-13","page","type-page","status-publish","hentry"],"_links":{"self":[{"href":"https:\/\/www.schuetzenverein-marienheide.de\/index.php\/wp-json\/wp\/v2\/pages\/13","targetHints":{"allow":["GET"]}}],"collection":[{"href":"https:\/\/www.schuetzenverein-marienheide.de\/index.php\/wp-json\/wp\/v2\/pages"}],"about":[{"href":"https:\/\/www.schuetzenverein-marienheide.de\/index.php\/wp-json\/wp\/v2\/types\/page"}],"author":[{"embeddable":true,"href":"https:\/\/www.schuetzenverein-marienheide.de\/index.php\/wp-json\/wp\/v2\/users\/1"}],"replies":[{"embeddable":true,"href":"https:\/\/www.schuetzenverein-marienheide.de\/index.php\/wp-json\/wp\/v2\/comments?post=13"}],"version-history":[{"count":13,"href":"https:\/\/www.schuetzenverein-marienheide.de\/index.php\/wp-json\/wp\/v2\/pages\/13\/revisions"}],"predecessor-version":[{"id":5761,"href":"https:\/\/www.schuetzenverein-marienheide.de\/index.php\/wp-json\/wp\/v2\/pages\/13\/revisions\/5761"}],"wp:attachment":[{"href":"https:\/\/www.schuetzenverein-marienheide.de\/index.php\/wp-json\/wp\/v2\/media?parent=13"}],"curies":[{"name":"wp","href":"https:\/\/api.w.org\/{rel}","templated":true}]}}